{"id":1815,"date":"2019-04-29T09:51:24","date_gmt":"2019-04-29T07:51:24","guid":{"rendered":"http:\/\/perfectlines.nl\/ellanse\/"},"modified":"2019-07-03T14:02:04","modified_gmt":"2019-07-03T12:02:04","slug":"ellanse","status":"publish","type":"page","link":"https:\/\/www.perfectlines.nl\/en\/treatments\/fillers\/ellanse\/","title":{"rendered":"Ellans\u00e9"},"content":{"rendered":"<p><section   class=\"fw-main-row-custom fw-main-row-top fw-section-no-padding  auto  fw-section-position-back tf-sh-f94c2ae7691d4e70cc3b4879bf6654cc\"    >\n\t\t\t<div class=\"fw-container-fluid\" >\n\t\t<div class=\"fw-row\">\n\t<div id=\"column-69f221a8086bd\" class=\"fw-col-sm-12 tf-sh-d0235cec2b075357bb83a15679187bde  fw-col-no-padding\" >\n\t<div class=\"fw-wrap-col-inner clearfix   fw-column-height-custom\" style=\"height: 300px;\"  >\n\t\t\t\t<div class=\"fw-col-inner\">\n\t\t\t\t\t<\/div>\n\t<\/div>\n<\/div><\/div>\n\n\t<\/div>\n\t<\/section><section   class=\"fw-main-row-custom fw-section-no-padding  auto  fw-section-position-back tf-sh-bc4e050548f0e0d76dd4a06522876312\"    >\n\t\t\t<div class=\"fw-container\" >\n\t\t<div class=\"fw-row\">\n\t<div id=\"column-69f221a808a02\" class=\"fw-col-sm-12  fw-col-md-12 tf-sh-598fa76b150fd19a6f6a9bed57e15a4a injectables-column\" >\n\t<div class=\"fw-wrap-col-inner clearfix  \"   >\n\t\t\t\t<div class=\"fw-col-inner\">\n\t\t\t<div class=\"fw-heading fw-heading-left  tf-sh-0ede9cb5547636ef9f6baf48c544fcce\" >\n\t\t\t<h1 class=\"fw-special-title\">Ellans\u00e9<\/h1>\n\t\n\t\n\t<\/div><div class=\"fw-text-box tf-sh-fee427fc62cf19f90c56e76a154a1296 \" >\n\t<div class=\"fw-text-inner\">\n\t\t<h3>What is it?<\/h3>\n<p>Ellans\u00e9 is a filler based on tiny smooth balls (microspheres) containing polycaproctalone. These microspheres stimulate the production of collagen. Collagen is one of the natural components of the skin, giving your skin a healthy (wrinkle-free) structure. The microspheres are dissolved in a gel formed by adding water to carboxymethylcellulose. That is a substance that makes the water less fluid. It can be compared to gelatine. Your body will completely break down polycaproctalone and Carboxymethylcellulose after the desired term of effect has passed.<\/p>\n<h3>What are the possibilities?<\/h3>\n<p>The problem areas that can be treated are:<\/p>\n<ul>\n<li>Sunken temples<\/li>\n<li>Cheek bones<\/li>\n<li>Jaw line<\/li>\n<li>Marionette lines<\/li>\n<li>Mouth corners<\/li>\n<li>Nasolabial fold<\/li>\n<\/ul>\n<h3>What result should I expect?<\/h3>\n<p>The result of the four distinct Ellans\u00e9 products varies between 1 and 4 years.<\/p>\n<p>The filler is indicated for the following problems:<\/p>\n<p><b>Sunken temples<\/b><br \/>Ellans\u00e9 S of M zijn met name erg goed inzetbaar voor de ingevallen slapen. Het effect houdt ongeveer 18 tot 24 maanden aan. Het geeft een direct effect. De filler kan niet opgelost worden.<\/p>\n<p>&nbsp;<\/p>\n<p><strong>Cheek bones<\/strong><br \/>Ellans\u00e9 S or M is particularly good for treating the cheek bones. The effect lasts between 18 and 24 months. It has a direct effect. The filler cannot be dissolved.<\/p>\n<p><strong>Jaw line<\/strong><br \/>Ellans\u00e9 S or M is particularly good for treating that part of the jaw line close to the marionette lines. The effect lasts between 18 and 24 months. It has a direct effect. The filler cannot be dissolved.<\/p>\n<p><strong>Marionette lines<\/strong><br \/>Ellans\u00e9 S or M is particularly good for treating deep marionette lines. The effect lasts between 18 and 24 months. It has a direct effect. The filler cannot be dissolved.<\/p>\n<p><strong>Mouth corners<\/strong><br \/>Ellans\u00e9 S or M is particularly good for treating deep mouth corners or marionette lines. The effect lasts between 18 and 24 months. It has a direct effect. The filler cannot be used in the lips for the purpose of lifting the mouth corners. The filler cannot be dissolved. Ellans\u00e9 is a product that is relatively new to the market.<\/p>\n<p><strong>Nasolabial fold<\/strong><br \/>Ellans\u00e9 S or M is particularly good for treating the deep nasolabial fold. The effect lasts between 18 and 24 months. It has a direct effect. The filler cannot be dissolved.<\/p>\n<h3>Risks<\/h3>\n<p>Is it safe?<br \/>Ellans\u00e9 injections are safe if given by an experienced practitioner. Ellans\u00e9 can be used long term without affecting your general health.<br \/>The chance of a lump is 1 in every 100,000 people. This can generally be treated easily.<\/p>\n<h3>What are the side effects?<\/h3>\n<p>The side effects seen most are swelling or bruising on the injection site, headache or flu-like symptoms.<\/p>\n\t<\/div>\n<\/div>\t\t<\/div>\n\t<\/div>\n<\/div><\/div>\n\n\t<\/div>\n\t<\/section><\/p>\n","protected":false},"excerpt":{"rendered":"<p>Ellans\u00e9 What is it? Ellans\u00e9 is a filler based on tiny smooth balls (microspheres) containing polycaproctalone. These microspheres stimulate the production of collagen. Collagen is one of the natural components of the skin, giving your skin a healthy (wrinkle-free) structure. The microspheres are dissolved in a gel formed by adding water to carboxymethylcellulose. That is [&hellip;]<\/p>\n","protected":false},"author":1,"featured_media":0,"parent":2196,"menu_order":0,"comment_status":"closed","ping_status":"closed","template":"visual-builder-template.php","meta":{"footnotes":""},"class_list":["post-1815","page","type-page","status-publish","hentry"],"yoast_head":"<!-- This site is optimized with the Yoast SEO plugin v26.5 - https:\/\/yoast.com\/wordpress\/plugins\/seo\/ -->\n<title>Ellans\u00e9 - Perfect Lines<\/title>\n<meta name=\"robots\" content=\"index, follow, max-snippet:-1, max-image-preview:large, max-video-preview:-1\" \/>\n<link rel=\"canonical\" href=\"https:\/\/www.perfectlines.nl\/en\/treatments\/fillers\/ellanse\/\" \/>\n<meta property=\"og:locale\" content=\"en_US\" \/>\n<meta property=\"og:type\" content=\"article\" \/>\n<meta property=\"og:title\" content=\"Ellans\u00e9 - Perfect Lines\" \/>\n<meta property=\"og:description\" content=\"Ellans\u00e9 What is it? Ellans\u00e9 is a filler based on tiny smooth balls (microspheres) containing polycaproctalone. These microspheres stimulate the production of collagen. Collagen is one of the natural components of the skin, giving your skin a healthy (wrinkle-free) structure. The microspheres are dissolved in a gel formed by adding water to carboxymethylcellulose. That is [&hellip;]\" \/>\n<meta property=\"og:url\" content=\"https:\/\/www.perfectlines.nl\/en\/treatments\/fillers\/ellanse\/\" \/>\n<meta property=\"og:site_name\" content=\"Perfect Lines\" \/>\n<meta property=\"article:modified_time\" content=\"2019-07-03T12:02:04+00:00\" \/>\n<meta property=\"og:image\" content=\"http:\/\/www.perfectlines.nl\/wp-content\/uploads\/2018\/10\/laag-1.png\" \/>\n<meta name=\"twitter:card\" content=\"summary_large_image\" \/>\n<meta name=\"twitter:label1\" content=\"Est. reading time\" \/>\n\t<meta name=\"twitter:data1\" content=\"4 minutes\" \/>\n<script type=\"application\/ld+json\" class=\"yoast-schema-graph\">{\"@context\":\"https:\/\/schema.org\",\"@graph\":[{\"@type\":\"WebPage\",\"@id\":\"https:\/\/www.perfectlines.nl\/en\/treatments\/fillers\/ellanse\/\",\"url\":\"https:\/\/www.perfectlines.nl\/en\/treatments\/fillers\/ellanse\/\",\"name\":\"Ellans\u00e9 - Perfect Lines\",\"isPartOf\":{\"@id\":\"https:\/\/www.perfectlines.nl\/#website\"},\"primaryImageOfPage\":{\"@id\":\"https:\/\/www.perfectlines.nl\/en\/treatments\/fillers\/ellanse\/#primaryimage\"},\"image\":{\"@id\":\"https:\/\/www.perfectlines.nl\/en\/treatments\/fillers\/ellanse\/#primaryimage\"},\"thumbnailUrl\":\"http:\/\/www.perfectlines.nl\/wp-content\/uploads\/2018\/10\/laag-1.png\",\"datePublished\":\"2019-04-29T07:51:24+00:00\",\"dateModified\":\"2019-07-03T12:02:04+00:00\",\"breadcrumb\":{\"@id\":\"https:\/\/www.perfectlines.nl\/en\/treatments\/fillers\/ellanse\/#breadcrumb\"},\"inLanguage\":\"en-US\",\"potentialAction\":[{\"@type\":\"ReadAction\",\"target\":[\"https:\/\/www.perfectlines.nl\/en\/treatments\/fillers\/ellanse\/\"]}]},{\"@type\":\"ImageObject\",\"inLanguage\":\"en-US\",\"@id\":\"https:\/\/www.perfectlines.nl\/en\/treatments\/fillers\/ellanse\/#primaryimage\",\"url\":\"http:\/\/www.perfectlines.nl\/wp-content\/uploads\/2018\/10\/laag-1.png\",\"contentUrl\":\"http:\/\/www.perfectlines.nl\/wp-content\/uploads\/2018\/10\/laag-1.png\"},{\"@type\":\"BreadcrumbList\",\"@id\":\"https:\/\/www.perfectlines.nl\/en\/treatments\/fillers\/ellanse\/#breadcrumb\",\"itemListElement\":[{\"@type\":\"ListItem\",\"position\":1,\"name\":\"Home\",\"item\":\"https:\/\/www.perfectlines.nl\/en\/\"},{\"@type\":\"ListItem\",\"position\":2,\"name\":\"Treatments\",\"item\":\"https:\/\/www.perfectlines.nl\/en\/treatments\/\"},{\"@type\":\"ListItem\",\"position\":3,\"name\":\"Fillers\",\"item\":\"https:\/\/www.perfectlines.nl\/en\/treatments\/fillers\/\"},{\"@type\":\"ListItem\",\"position\":4,\"name\":\"Ellans\u00e9\"}]},{\"@type\":\"WebSite\",\"@id\":\"https:\/\/www.perfectlines.nl\/#website\",\"url\":\"https:\/\/www.perfectlines.nl\/\",\"name\":\"Perfect Lines\",\"description\":\"\",\"potentialAction\":[{\"@type\":\"SearchAction\",\"target\":{\"@type\":\"EntryPoint\",\"urlTemplate\":\"https:\/\/www.perfectlines.nl\/?s={search_term_string}\"},\"query-input\":{\"@type\":\"PropertyValueSpecification\",\"valueRequired\":true,\"valueName\":\"search_term_string\"}}],\"inLanguage\":\"en-US\"}]}<\/script>\n<!-- \/ Yoast SEO plugin. -->","yoast_head_json":{"title":"Ellans\u00e9 - Perfect Lines","robots":{"index":"index","follow":"follow","max-snippet":"max-snippet:-1","max-image-preview":"max-image-preview:large","max-video-preview":"max-video-preview:-1"},"canonical":"https:\/\/www.perfectlines.nl\/en\/treatments\/fillers\/ellanse\/","og_locale":"en_US","og_type":"article","og_title":"Ellans\u00e9 - Perfect Lines","og_description":"Ellans\u00e9 What is it? Ellans\u00e9 is a filler based on tiny smooth balls (microspheres) containing polycaproctalone. These microspheres stimulate the production of collagen. Collagen is one of the natural components of the skin, giving your skin a healthy (wrinkle-free) structure. The microspheres are dissolved in a gel formed by adding water to carboxymethylcellulose. That is [&hellip;]","og_url":"https:\/\/www.perfectlines.nl\/en\/treatments\/fillers\/ellanse\/","og_site_name":"Perfect Lines","article_modified_time":"2019-07-03T12:02:04+00:00","og_image":[{"url":"http:\/\/www.perfectlines.nl\/wp-content\/uploads\/2018\/10\/laag-1.png","type":"","width":"","height":""}],"twitter_card":"summary_large_image","twitter_misc":{"Est. reading time":"4 minutes"},"schema":{"@context":"https:\/\/schema.org","@graph":[{"@type":"WebPage","@id":"https:\/\/www.perfectlines.nl\/en\/treatments\/fillers\/ellanse\/","url":"https:\/\/www.perfectlines.nl\/en\/treatments\/fillers\/ellanse\/","name":"Ellans\u00e9 - Perfect Lines","isPartOf":{"@id":"https:\/\/www.perfectlines.nl\/#website"},"primaryImageOfPage":{"@id":"https:\/\/www.perfectlines.nl\/en\/treatments\/fillers\/ellanse\/#primaryimage"},"image":{"@id":"https:\/\/www.perfectlines.nl\/en\/treatments\/fillers\/ellanse\/#primaryimage"},"thumbnailUrl":"http:\/\/www.perfectlines.nl\/wp-content\/uploads\/2018\/10\/laag-1.png","datePublished":"2019-04-29T07:51:24+00:00","dateModified":"2019-07-03T12:02:04+00:00","breadcrumb":{"@id":"https:\/\/www.perfectlines.nl\/en\/treatments\/fillers\/ellanse\/#breadcrumb"},"inLanguage":"en-US","potentialAction":[{"@type":"ReadAction","target":["https:\/\/www.perfectlines.nl\/en\/treatments\/fillers\/ellanse\/"]}]},{"@type":"ImageObject","inLanguage":"en-US","@id":"https:\/\/www.perfectlines.nl\/en\/treatments\/fillers\/ellanse\/#primaryimage","url":"http:\/\/www.perfectlines.nl\/wp-content\/uploads\/2018\/10\/laag-1.png","contentUrl":"http:\/\/www.perfectlines.nl\/wp-content\/uploads\/2018\/10\/laag-1.png"},{"@type":"BreadcrumbList","@id":"https:\/\/www.perfectlines.nl\/en\/treatments\/fillers\/ellanse\/#breadcrumb","itemListElement":[{"@type":"ListItem","position":1,"name":"Home","item":"https:\/\/www.perfectlines.nl\/en\/"},{"@type":"ListItem","position":2,"name":"Treatments","item":"https:\/\/www.perfectlines.nl\/en\/treatments\/"},{"@type":"ListItem","position":3,"name":"Fillers","item":"https:\/\/www.perfectlines.nl\/en\/treatments\/fillers\/"},{"@type":"ListItem","position":4,"name":"Ellans\u00e9"}]},{"@type":"WebSite","@id":"https:\/\/www.perfectlines.nl\/#website","url":"https:\/\/www.perfectlines.nl\/","name":"Perfect Lines","description":"","potentialAction":[{"@type":"SearchAction","target":{"@type":"EntryPoint","urlTemplate":"https:\/\/www.perfectlines.nl\/?s={search_term_string}"},"query-input":{"@type":"PropertyValueSpecification","valueRequired":true,"valueName":"search_term_string"}}],"inLanguage":"en-US"}]}},"_links":{"self":[{"href":"https:\/\/www.perfectlines.nl\/en\/wp-json\/wp\/v2\/pages\/1815","targetHints":{"allow":["GET"]}}],"collection":[{"href":"https:\/\/www.perfectlines.nl\/en\/wp-json\/wp\/v2\/pages"}],"about":[{"href":"https:\/\/www.perfectlines.nl\/en\/wp-json\/wp\/v2\/types\/page"}],"author":[{"embeddable":true,"href":"https:\/\/www.perfectlines.nl\/en\/wp-json\/wp\/v2\/users\/1"}],"replies":[{"embeddable":true,"href":"https:\/\/www.perfectlines.nl\/en\/wp-json\/wp\/v2\/comments?post=1815"}],"version-history":[{"count":4,"href":"https:\/\/www.perfectlines.nl\/en\/wp-json\/wp\/v2\/pages\/1815\/revisions"}],"predecessor-version":[{"id":2107,"href":"https:\/\/www.perfectlines.nl\/en\/wp-json\/wp\/v2\/pages\/1815\/revisions\/2107"}],"up":[{"embeddable":true,"href":"https:\/\/www.perfectlines.nl\/en\/wp-json\/wp\/v2\/pages\/2196"}],"wp:attachment":[{"href":"https:\/\/www.perfectlines.nl\/en\/wp-json\/wp\/v2\/media?parent=1815"}],"curies":[{"name":"wp","href":"https:\/\/api.w.org\/{rel}","templated":true}]}}